{"id":28318,"date":"2026-05-12T20:55:21","date_gmt":"2026-05-12T17:55:21","guid":{"rendered":"https:\/\/oktopayments.com\/latam\/?page_id=28318"},"modified":"2026-05-16T03:30:26","modified_gmt":"2026-05-16T00:30:26","slug":"lp-zero-wait-economy","status":"publish","type":"page","link":"https:\/\/oktopayments.com\/latam\/pt\/lp-zero-wait-economy\/","title":{"rendered":"LP Zero-Wait Economy"},"content":{"rendered":"\t\t<div data-elementor-type=\"wp-page\" data-elementor-id=\"28318\" class=\"elementor elementor-28318\" data-elementor-post-type=\"page\">\n\t\t\t\t<div class=\"elementor-element elementor-element-74cca40 e-flex e-con-boxed e-con e-parent\" data-id=\"74cca40\" data-element_type=\"container\" data-e-type=\"container\">\n\t\t\t\t\t<div class=\"e-con-inner\">\n\t\t<div class=\"elementor-element elementor-element-dfe8980 e-con-full e-flex e-con e-child\" data-id=\"dfe8980\" data-element_type=\"container\" data-e-type=\"container\">\n\t\t\t\t<div class=\"elementor-element elementor-element-b43e876 elementor-widget elementor-widget-image\" data-id=\"b43e876\" data-element_type=\"widget\" data-e-type=\"widget\" data-widget_type=\"image.default\">\n\t\t\t\t\t\t\t\t\t\t\t\t\t\t\t<img fetchpriority=\"high\" decoding=\"async\" width=\"1012\" height=\"127\" src=\"https:\/\/oktopayments.com\/latam\/wp-content\/uploads\/2026\/02\/logo-footer.png\" class=\"attachment-full size-full wp-image-484\" alt=\"logo-header\" srcset=\"https:\/\/oktopayments.com\/latam\/wp-content\/uploads\/2026\/02\/logo-footer.png 1012w, https:\/\/oktopayments.com\/latam\/wp-content\/uploads\/2026\/02\/logo-footer-300x38.png 300w, https:\/\/oktopayments.com\/latam\/wp-content\/uploads\/2026\/02\/logo-footer-768x96.png 768w\" sizes=\"(max-width: 1012px) 100vw, 1012px\" \/>\t\t\t\t\t\t\t\t\t\t\t\t\t\t\t<\/div>\n\t\t\t\t<\/div>\n\t\t\t\t\t<\/div>\n\t\t\t\t<\/div>\n\t\t<div class=\"elementor-element elementor-element-f7bbd95 e-con-full e-flex e-con e-parent\" data-id=\"f7bbd95\" data-element_type=\"container\" data-e-type=\"container\" data-settings=\"{&quot;background_background&quot;:&quot;classic&quot;}\">\n\t\t<div class=\"elementor-element elementor-element-f40278c e-flex e-con-boxed e-con e-child\" data-id=\"f40278c\" data-element_type=\"container\" data-e-type=\"container\">\n\t\t\t\t\t<div class=\"e-con-inner\">\n\t\t<div class=\"elementor-element elementor-element-a655992 e-con-full e-flex e-con e-child\" data-id=\"a655992\" data-element_type=\"container\" data-e-type=\"container\">\n\t\t\t\t<div class=\"elementor-element elementor-element-27612a3 elementor-widget elementor-widget-heading\" data-id=\"27612a3\" data-element_type=\"widget\" data-e-type=\"widget\" data-widget_type=\"heading.default\">\n\t\t\t\t\t<h2 class=\"elementor-heading-title elementor-size-default\">Acesse o relat\u00f3rio <br>completo gratuitamente\n<\/h2>\t\t\t\t<\/div>\n\t\t\t\t<div class=\"elementor-element elementor-element-a513539 elementor-widget elementor-widget-heading\" data-id=\"a513539\" data-element_type=\"widget\" data-e-type=\"widget\" data-widget_type=\"heading.default\">\n\t\t\t\t\t<h2 class=\"elementor-heading-title elementor-size-default\">A Economia do Impulso:\nThe Zero-Wait Economy\n<\/h2>\t\t\t\t<\/div>\n\t\t\t\t<div class=\"elementor-element elementor-element-a9380a4 elementor-widget elementor-widget-spacer\" data-id=\"a9380a4\" data-element_type=\"widget\" data-e-type=\"widget\" data-widget_type=\"spacer.default\">\n\t\t\t\t\t\t\t<div class=\"elementor-spacer\">\n\t\t\t<div class=\"elementor-spacer-inner\"><\/div>\n\t\t<\/div>\n\t\t\t\t\t\t<\/div>\n\t\t\t\t<div class=\"elementor-element elementor-element-910e39e elementor-widget elementor-widget-text-editor\" data-id=\"910e39e\" data-element_type=\"widget\" data-e-type=\"widget\" data-widget_type=\"text-editor.default\">\n\t\t\t\t\t\t\t\t\t<p><span style=\"font-weight: 400;\">Como os pagamentos instant\u00e2neos est\u00e3o redefinindo fideliza\u00e7\u00e3o, convers\u00e3o e crescimento de comerciantes na Am\u00e9rica Latina<\/span><\/p>\t\t\t\t\t\t\t\t<\/div>\n\t\t\t\t<\/div>\n\t\t<div class=\"elementor-element elementor-element-d81a514 e-con-full e-flex e-con e-child\" data-id=\"d81a514\" data-element_type=\"container\" data-e-type=\"container\">\n\t\t\t\t<div class=\"elementor-element elementor-element-d0dbbad elementor-widget elementor-widget-html\" data-id=\"d0dbbad\" data-element_type=\"widget\" data-e-type=\"widget\" data-widget_type=\"html.default\">\n\t\t\t\t\t<style>\n.okto-wrap{\n  width:100%;\n}\n.okto-form{\n  width:100%;\n  max-width:680px;\n  display:flex;\n  flex-direction:column;\n  gap:12px;\n  margin:0 0 0 auto;\n}\n.okto-form input,\n.okto-form select{\n  display:block !important;\n  width:100% !important;\n  max-width:100% !important;\n  min-width:0 !important;\n  height:54px !important;\n  padding:0 38px !important;\n  border:1.5px solid #5b5b5b !important;\n  border-radius:999px !important;\n  background:#ffffff !important;\n  font-family:\"Century Gothic\", sans-serif !important;\n  font-size:16px !important;\n  font-weight:400 !important;\n  line-height:1 !important;\n  color:#8b8b8b !important;\n  box-sizing:border-box !important;\n  outline:none !important;\n  box-shadow:none !important;\n  -webkit-appearance:none !important;\n  appearance:none !important;\n}\n.okto-form input::placeholder{\n  font-family:\"Century Gothic\", sans-serif !important;\n  font-size:16px !important;\n  color:#9a9a9a !important;\n  opacity:1 !important;\n}\n.okto-form select{\n  padding-right:52px !important;\n  color:#2b2b2b !important;\n  background-image:url(\"data:image\/svg+xml,%3Csvg xmlns='http:\/\/www.w3.org\/2000\/svg' width='14' height='14' viewBox='0 0 20 20'%3E%3Cpath fill='%23222222' d='M5.5 7.5l4.5 5 4.5-5z'\/%3E%3C\/svg%3E\") !important;\n  background-repeat:no-repeat !important;\n  background-position:right 22px center !important;\n  background-size:14px !important;\n}\n.okto-form button{\n  display:block !important;\n  width:296px !important;\n  max-width:100% !important;\n  height:58px !important;\n  margin-left:auto !important;\n  margin-top:8px !important;\n  border:none !important;\n  border-radius:999px !important;\n  background:#0077c8 !important;\n  color:#ffffff !important;\n  font-family:\"Century Gothic\", sans-serif !important;\n  font-size:20px !important;\n  line-height:1 !important;\n  cursor:pointer !important;\n}\n.okto-form button:hover{\n  opacity:.96;\n}\n@media (max-width: 767px){\n  .okto-form{\n    gap:10px;\n  }\n  .okto-form input,\n  .okto-form select{\n    height:52px !important;\n    padding:0 22px !important;\n  }\n  .okto-form button{\n    width:100% !important;\n    height:54px !important;\n  }\n}\n<\/style>\n\n<!-- Hidden iframe to absorb the Pardot POST without navigating away -->\n<iframe name=\"okto-pardot-hidden\" style=\"display:none;\" aria-hidden=\"true\"><\/iframe>\n\n<div class=\"okto-wrap\">\n  <form\n    class=\"okto-form\"\n    id=\"okto-zero-wait-form\"\n    action=\"https:\/\/go.pardot.com\/l\/1112453\/2026-04-22\/qwzhsg\"\n    method=\"post\"\n    accept-charset=\"UTF-8\"\n    target=\"okto-pardot-hidden\"\n  >\n    <input type=\"email\" name=\"email\" placeholder=\"E-mail corporativo\" required>\n    <input type=\"text\" name=\"first_name\" placeholder=\"Primeiro nome\" required>\n    <input type=\"text\" name=\"last_name\" placeholder=\"\u00daltimo nome\" required>\n    <input type=\"text\" name=\"company\" placeholder=\"Nome da empresa\" required>\n    <input type=\"text\" name=\"job_title\" placeholder=\"Cargo\" required>\n    <select name=\"country\">\n      <option value=\"\">Escolha o pa\u00eds<\/option>\n      <option value=\"Argentina\">Argentina<\/option>\n      <option value=\"Brazil\">Brasil<\/option>\n      <option value=\"Chile\">Chile<\/option>\n      <option value=\"Mexico\">M\u00e9xico<\/option>\n      <option value=\"Peru\">Peru<\/option>\n      <option value=\"Other\">Outro<\/option>\n    <\/select>\n    <select name=\"industry\">\n      <option value=\"\">Escolha a ind\u00fastria<\/option>\n      <option value=\"iGaming & Betting\">iGaming & apostas<\/option>\n      <option value=\"Digital Content & Creator Economy\">Conte\u00fado digital & creator economy<\/option>\n      <option value=\"Trading & FX\">Trading & c\u00e2mbio<\/option>\n      <option value=\"Diverse E-Commerce\">E-commerces diversos<\/option>\n      <option value=\"Other\">Outros<\/option>\n    <\/select>\n    <button type=\"submit\">Baixar relat\u00f3rio<\/button>\n  <\/form>\n<\/div>\n\n<script>\n\/* ===== Zero Wait Economy - Form submit: PDF download + redirect ===== *\/\n(function () {\n  var form = document.getElementById('okto-zero-wait-form');\n  if (!form) return;\n\n  form.addEventListener('submit', function () {\n    var pdfUrl = 'https:\/\/www.oktopayments.com\/wp-content\/uploads\/2026\/04\/EN-OKTO-PAYMENTS-The-Zero-Wait-Economy-1.pdf';\n\n    \/* Trigger PDF download *\/\n    var link = document.createElement('a');\n    link.href = pdfUrl;\n    link.download = 'OKTO-The-Zero-Wait-Economy.pdf';\n    document.body.appendChild(link);\n    link.click();\n    document.body.removeChild(link);\n\n    \/* Redirect to homepage after short delay *\/\n    setTimeout(function () {\n      window.location.href = 'https:\/\/www.oktopayments.com\/';\n    }, 1500);\n  });\n})();\n<\/script>\t\t\t\t<\/div>\n\t\t\t\t<\/div>\n\t\t\t\t\t<\/div>\n\t\t\t\t<\/div>\n\t\t\t\t<\/div>\n\t\t<div class=\"elementor-element elementor-element-b58d54d e-flex e-con-boxed e-con e-parent\" data-id=\"b58d54d\" data-element_type=\"container\" data-e-type=\"container\">\n\t\t\t\t\t<div class=\"e-con-inner\">\n\t\t<div class=\"elementor-element elementor-element-049af2b e-con-full e-flex e-con e-child\" data-id=\"049af2b\" data-element_type=\"container\" data-e-type=\"container\">\n\t\t\t\t<div class=\"elementor-element elementor-element-e97542b elementor-widget elementor-widget-image\" data-id=\"e97542b\" data-element_type=\"widget\" data-e-type=\"widget\" data-widget_type=\"image.default\">\n\t\t\t\t\t\t\t\t\t\t\t\t\t\t\t<img fetchpriority=\"high\" decoding=\"async\" width=\"1012\" height=\"127\" src=\"https:\/\/oktopayments.com\/latam\/wp-content\/uploads\/2026\/02\/logo-footer.png\" class=\"attachment-full size-full wp-image-484\" alt=\"logo-header\" srcset=\"https:\/\/oktopayments.com\/latam\/wp-content\/uploads\/2026\/02\/logo-footer.png 1012w, https:\/\/oktopayments.com\/latam\/wp-content\/uploads\/2026\/02\/logo-footer-300x38.png 300w, https:\/\/oktopayments.com\/latam\/wp-content\/uploads\/2026\/02\/logo-footer-768x96.png 768w\" sizes=\"(max-width: 1012px) 100vw, 1012px\" \/>\t\t\t\t\t\t\t\t\t\t\t\t\t\t\t<\/div>\n\t\t\t\t<\/div>\n\t\t<div class=\"elementor-element elementor-element-2d44797 e-con-full e-flex e-con e-child\" data-id=\"2d44797\" data-element_type=\"container\" data-e-type=\"container\">\n\t\t\t\t<\/div>\n\t\t<div class=\"elementor-element elementor-element-252a229 e-con-full e-flex e-con e-child\" data-id=\"252a229\" data-element_type=\"container\" data-e-type=\"container\">\n\t\t\t\t<div class=\"elementor-element elementor-element-f7e6a00 elementor-widget elementor-widget-text-editor\" data-id=\"f7e6a00\" data-element_type=\"widget\" data-e-type=\"widget\" data-widget_type=\"text-editor.default\">\n\t\t\t\t\t\t\t\t\t<p>Follow us on<\/p>\t\t\t\t\t\t\t\t<\/div>\n\t\t\t\t<div class=\"elementor-element elementor-element-139d2d7 e-grid-align-left elementor-shape-rounded elementor-grid-0 elementor-widget elementor-widget-social-icons\" data-id=\"139d2d7\" data-element_type=\"widget\" data-e-type=\"widget\" data-widget_type=\"social-icons.default\">\n\t\t\t\t\t\t\t<div class=\"elementor-social-icons-wrapper elementor-grid\" role=\"list\">\n\t\t\t\t\t\t\t<span class=\"elementor-grid-item\" role=\"listitem\">\n\t\t\t\t\t<a class=\"elementor-icon elementor-social-icon elementor-social-icon-jki-linkedin-in elementor-repeater-item-2b7c82c\" href=\"https:\/\/www.linkedin.com\/company\/okto-payments\/\" target=\"_blank\">\n\t\t\t\t\t\t<span class=\"elementor-screen-only\">Jki-linkedin-in<\/span>\n\t\t\t\t\t\t<i aria-hidden=\"true\" class=\"jki jki-linkedin-in\"><\/i>\t\t\t\t\t<\/a>\n\t\t\t\t<\/span>\n\t\t\t\t\t\t\t<span class=\"elementor-grid-item\" role=\"listitem\">\n\t\t\t\t\t<a class=\"elementor-icon elementor-social-icon elementor-social-icon-instagram elementor-repeater-item-fb7a85d\" href=\"https:\/\/www.instagram.com\/okto.payments\/\" target=\"_blank\">\n\t\t\t\t\t\t<span class=\"elementor-screen-only\">Instagram<\/span>\n\t\t\t\t\t\t<svg aria-hidden=\"true\" class=\"e-font-icon-svg e-fab-instagram\" viewBox=\"0 0 448 512\" xmlns=\"http:\/\/www.w3.org\/2000\/svg\"><path d=\"M224.1 141c-63.6 0-114.9 51.3-114.9 114.9s51.3 114.9 114.9 114.9S339 319.5 339 255.9 287.7 141 224.1 141zm0 189.6c-41.1 0-74.7-33.5-74.7-74.7s33.5-74.7 74.7-74.7 74.7 33.5 74.7 74.7-33.6 74.7-74.7 74.7zm146.4-194.3c0 14.9-12 26.8-26.8 26.8-14.9 0-26.8-12-26.8-26.8s12-26.8 26.8-26.8 26.8 12 26.8 26.8zm76.1 27.2c-1.7-35.9-9.9-67.7-36.2-93.9-26.2-26.2-58-34.4-93.9-36.2-37-2.1-147.9-2.1-184.9 0-35.8 1.7-67.6 9.9-93.9 36.1s-34.4 58-36.2 93.9c-2.1 37-2.1 147.9 0 184.9 1.7 35.9 9.9 67.7 36.2 93.9s58 34.4 93.9 36.2c37 2.1 147.9 2.1 184.9 0 35.9-1.7 67.7-9.9 93.9-36.2 26.2-26.2 34.4-58 36.2-93.9 2.1-37 2.1-147.8 0-184.8zM398.8 388c-7.8 19.6-22.9 34.7-42.6 42.6-29.5 11.7-99.5 9-132.1 9s-102.7 2.6-132.1-9c-19.6-7.8-34.7-22.9-42.6-42.6-11.7-29.5-9-99.5-9-132.1s-2.6-102.7 9-132.1c7.8-19.6 22.9-34.7 42.6-42.6 29.5-11.7 99.5-9 132.1-9s102.7-2.6 132.1 9c19.6 7.8 34.7 22.9 42.6 42.6 11.7 29.5 9 99.5 9 132.1s2.7 102.7-9 132.1z\"><\/path><\/svg>\t\t\t\t\t<\/a>\n\t\t\t\t<\/span>\n\t\t\t\t\t<\/div>\n\t\t\t\t\t\t<\/div>\n\t\t\t\t<\/div>\n\t\t\t\t\t<\/div>\n\t\t\t\t<\/div>\n\t\t<div class=\"elementor-element elementor-element-617c5d1 e-flex e-con-boxed e-con e-parent\" data-id=\"617c5d1\" data-element_type=\"container\" data-e-type=\"container\">\n\t\t\t\t\t<div class=\"e-con-inner\">\n\t\t\t\t<div class=\"elementor-element elementor-element-341e202 elementor-widget elementor-widget-text-editor\" data-id=\"341e202\" data-element_type=\"widget\" data-e-type=\"widget\" data-widget_type=\"text-editor.default\">\n\t\t\t\t\t\t\t\t\t<p>\u00a9 2026 | All rights reserved.<\/p>\t\t\t\t\t\t\t\t<\/div>\n\t\t\t\t\t<\/div>\n\t\t\t\t<\/div>\n\t\t\t\t<\/div>\n\t\t","protected":false},"excerpt":{"rendered":"<p>Acesse o relat\u00f3rio completo gratuitamente A Economia do Impulso: The Zero-Wait Economy Como os pagamentos instant\u00e2neos est\u00e3o redefinindo fideliza\u00e7\u00e3o, convers\u00e3o e crescimento de comerciantes na Am\u00e9rica Latina Escolha o pa\u00edsArgentinaBrasilChileM\u00e9xicoPeruOutro Escolha a ind\u00fastriaiGaming &#038; apostasConte\u00fado digital &#038; creator economyTrading &#038; c\u00e2mbioE-commerces diversosOutros Baixar relat\u00f3rio Follow us on Jki-linkedin-in Instagram \u00a9 2026 | All rights reserved.<\/p>\n","protected":false},"author":4,"featured_media":0,"parent":0,"menu_order":0,"comment_status":"closed","ping_status":"closed","template":"","meta":{"_acf_changed":false,"_monsterinsights_skip_tracking":false,"_monsterinsights_sitenote_active":false,"_monsterinsights_sitenote_note":"","_monsterinsights_sitenote_category":0},"class_list":["post-28318","page","type-page","status-publish","hentry"],"acf":[],"yoast_head":"<!-- This site is optimized with the Yoast SEO plugin v27.6 - https:\/\/yoast.com\/product\/yoast-seo-wordpress\/ -->\n<title>LP Zero-Wait Economy - OKTO Payments<\/title>\n<meta name=\"robots\" content=\"index, follow, max-snippet:-1, max-image-preview:large, max-video-preview:-1\" \/>\n<link rel=\"canonical\" href=\"https:\/\/oktopayments.com\/latam\/pt\/lp-zero-wait-economy\/\" \/>\n<meta property=\"og:locale\" content=\"en_US\" \/>\n<meta property=\"og:type\" content=\"article\" \/>\n<meta property=\"og:title\" content=\"LP Zero-Wait Economy - OKTO Payments\" \/>\n<meta property=\"og:description\" content=\"Acesse o relat\u00f3rio completo gratuitamente A Economia do Impulso: The Zero-Wait Economy Como os pagamentos instant\u00e2neos est\u00e3o redefinindo fideliza\u00e7\u00e3o, convers\u00e3o e crescimento de comerciantes na Am\u00e9rica Latina Escolha o pa\u00edsArgentinaBrasilChileM\u00e9xicoPeruOutro Escolha a ind\u00fastriaiGaming &#038; apostasConte\u00fado digital &#038; creator economyTrading &#038; c\u00e2mbioE-commerces diversosOutros Baixar relat\u00f3rio Follow us on Jki-linkedin-in Instagram \u00a9 2026 | All rights reserved.\" \/>\n<meta property=\"og:url\" content=\"https:\/\/oktopayments.com\/latam\/pt\/lp-zero-wait-economy\/\" \/>\n<meta property=\"og:site_name\" content=\"OKTO Payments\" \/>\n<meta property=\"article:modified_time\" content=\"2026-05-16T00:30:26+00:00\" \/>\n<meta property=\"og:image\" content=\"https:\/\/oktopayments.com\/latam\/wp-content\/uploads\/2026\/02\/logo-footer.png\" \/>\n\t<meta property=\"og:image:width\" content=\"1012\" \/>\n\t<meta property=\"og:image:height\" content=\"127\" \/>\n\t<meta property=\"og:image:type\" content=\"image\/png\" \/>\n<meta name=\"twitter:card\" content=\"summary_large_image\" \/>\n<meta name=\"twitter:label1\" content=\"Est. reading time\" \/>\n\t<meta name=\"twitter:data1\" content=\"2 minutes\" \/>\n<script type=\"application\/ld+json\" class=\"yoast-schema-graph\">{\"@context\":\"https:\\\/\\\/schema.org\",\"@graph\":[{\"@type\":\"WebPage\",\"@id\":\"https:\\\/\\\/oktopayments.com\\\/latam\\\/pt\\\/lp-zero-wait-economy\\\/\",\"url\":\"https:\\\/\\\/oktopayments.com\\\/latam\\\/pt\\\/lp-zero-wait-economy\\\/\",\"name\":\"LP Zero-Wait Economy - OKTO Payments\",\"isPartOf\":{\"@id\":\"https:\\\/\\\/oktopayments.com\\\/latam\\\/#website\"},\"primaryImageOfPage\":{\"@id\":\"https:\\\/\\\/oktopayments.com\\\/latam\\\/pt\\\/lp-zero-wait-economy\\\/#primaryimage\"},\"image\":{\"@id\":\"https:\\\/\\\/oktopayments.com\\\/latam\\\/pt\\\/lp-zero-wait-economy\\\/#primaryimage\"},\"thumbnailUrl\":\"https:\\\/\\\/oktopayments.com\\\/latam\\\/wp-content\\\/uploads\\\/2026\\\/02\\\/logo-footer.png\",\"datePublished\":\"2026-05-12T17:55:21+00:00\",\"dateModified\":\"2026-05-16T00:30:26+00:00\",\"breadcrumb\":{\"@id\":\"https:\\\/\\\/oktopayments.com\\\/latam\\\/pt\\\/lp-zero-wait-economy\\\/#breadcrumb\"},\"inLanguage\":\"en-US\",\"potentialAction\":[{\"@type\":\"ReadAction\",\"target\":[\"https:\\\/\\\/oktopayments.com\\\/latam\\\/pt\\\/lp-zero-wait-economy\\\/\"]}]},{\"@type\":\"ImageObject\",\"inLanguage\":\"en-US\",\"@id\":\"https:\\\/\\\/oktopayments.com\\\/latam\\\/pt\\\/lp-zero-wait-economy\\\/#primaryimage\",\"url\":\"https:\\\/\\\/oktopayments.com\\\/latam\\\/wp-content\\\/uploads\\\/2026\\\/02\\\/logo-footer.png\",\"contentUrl\":\"https:\\\/\\\/oktopayments.com\\\/latam\\\/wp-content\\\/uploads\\\/2026\\\/02\\\/logo-footer.png\",\"width\":1012,\"height\":127,\"caption\":\"logo-header\"},{\"@type\":\"BreadcrumbList\",\"@id\":\"https:\\\/\\\/oktopayments.com\\\/latam\\\/pt\\\/lp-zero-wait-economy\\\/#breadcrumb\",\"itemListElement\":[{\"@type\":\"ListItem\",\"position\":1,\"name\":\"Home\",\"item\":\"https:\\\/\\\/oktopayments.com\\\/latam\\\/\"},{\"@type\":\"ListItem\",\"position\":2,\"name\":\"LP Zero-Wait Economy\"}]},{\"@type\":\"WebSite\",\"@id\":\"https:\\\/\\\/oktopayments.com\\\/latam\\\/#website\",\"url\":\"https:\\\/\\\/oktopayments.com\\\/latam\\\/\",\"name\":\"OKTO Payments\",\"description\":\"\",\"publisher\":{\"@id\":\"https:\\\/\\\/oktopayments.com\\\/latam\\\/#organization\"},\"potentialAction\":[{\"@type\":\"SearchAction\",\"target\":{\"@type\":\"EntryPoint\",\"urlTemplate\":\"https:\\\/\\\/oktopayments.com\\\/latam\\\/?s={search_term_string}\"},\"query-input\":{\"@type\":\"PropertyValueSpecification\",\"valueRequired\":true,\"valueName\":\"search_term_string\"}}],\"inLanguage\":\"en-US\"},{\"@type\":\"Organization\",\"@id\":\"https:\\\/\\\/oktopayments.com\\\/latam\\\/#organization\",\"name\":\"OKTO Payments\",\"url\":\"https:\\\/\\\/oktopayments.com\\\/latam\\\/\",\"logo\":{\"@type\":\"ImageObject\",\"inLanguage\":\"en-US\",\"@id\":\"https:\\\/\\\/oktopayments.com\\\/latam\\\/#\\\/schema\\\/logo\\\/image\\\/\",\"url\":\"https:\\\/\\\/oktopayments.com\\\/latam\\\/wp-content\\\/uploads\\\/2026\\\/02\\\/logo-footer.png\",\"contentUrl\":\"https:\\\/\\\/oktopayments.com\\\/latam\\\/wp-content\\\/uploads\\\/2026\\\/02\\\/logo-footer.png\",\"width\":1012,\"height\":127,\"caption\":\"OKTO Payments\"},\"image\":{\"@id\":\"https:\\\/\\\/oktopayments.com\\\/latam\\\/#\\\/schema\\\/logo\\\/image\\\/\"}}]}<\/script>\n<!-- \/ Yoast SEO plugin. -->","yoast_head_json":{"title":"LP Zero-Wait Economy - OKTO Payments","robots":{"index":"index","follow":"follow","max-snippet":"max-snippet:-1","max-image-preview":"max-image-preview:large","max-video-preview":"max-video-preview:-1"},"canonical":"https:\/\/oktopayments.com\/latam\/pt\/lp-zero-wait-economy\/","og_locale":"en_US","og_type":"article","og_title":"LP Zero-Wait Economy - OKTO Payments","og_description":"Acesse o relat\u00f3rio completo gratuitamente A Economia do Impulso: The Zero-Wait Economy Como os pagamentos instant\u00e2neos est\u00e3o redefinindo fideliza\u00e7\u00e3o, convers\u00e3o e crescimento de comerciantes na Am\u00e9rica Latina Escolha o pa\u00edsArgentinaBrasilChileM\u00e9xicoPeruOutro Escolha a ind\u00fastriaiGaming &#038; apostasConte\u00fado digital &#038; creator economyTrading &#038; c\u00e2mbioE-commerces diversosOutros Baixar relat\u00f3rio Follow us on Jki-linkedin-in Instagram \u00a9 2026 | All rights reserved.","og_url":"https:\/\/oktopayments.com\/latam\/pt\/lp-zero-wait-economy\/","og_site_name":"OKTO Payments","article_modified_time":"2026-05-16T00:30:26+00:00","og_image":[{"width":1012,"height":127,"url":"https:\/\/oktopayments.com\/latam\/wp-content\/uploads\/2026\/02\/logo-footer.png","type":"image\/png"}],"twitter_card":"summary_large_image","twitter_misc":{"Est. reading time":"2 minutes"},"schema":{"@context":"https:\/\/schema.org","@graph":[{"@type":"WebPage","@id":"https:\/\/oktopayments.com\/latam\/pt\/lp-zero-wait-economy\/","url":"https:\/\/oktopayments.com\/latam\/pt\/lp-zero-wait-economy\/","name":"LP Zero-Wait Economy - OKTO Payments","isPartOf":{"@id":"https:\/\/oktopayments.com\/latam\/#website"},"primaryImageOfPage":{"@id":"https:\/\/oktopayments.com\/latam\/pt\/lp-zero-wait-economy\/#primaryimage"},"image":{"@id":"https:\/\/oktopayments.com\/latam\/pt\/lp-zero-wait-economy\/#primaryimage"},"thumbnailUrl":"https:\/\/oktopayments.com\/latam\/wp-content\/uploads\/2026\/02\/logo-footer.png","datePublished":"2026-05-12T17:55:21+00:00","dateModified":"2026-05-16T00:30:26+00:00","breadcrumb":{"@id":"https:\/\/oktopayments.com\/latam\/pt\/lp-zero-wait-economy\/#breadcrumb"},"inLanguage":"en-US","potentialAction":[{"@type":"ReadAction","target":["https:\/\/oktopayments.com\/latam\/pt\/lp-zero-wait-economy\/"]}]},{"@type":"ImageObject","inLanguage":"en-US","@id":"https:\/\/oktopayments.com\/latam\/pt\/lp-zero-wait-economy\/#primaryimage","url":"https:\/\/oktopayments.com\/latam\/wp-content\/uploads\/2026\/02\/logo-footer.png","contentUrl":"https:\/\/oktopayments.com\/latam\/wp-content\/uploads\/2026\/02\/logo-footer.png","width":1012,"height":127,"caption":"logo-header"},{"@type":"BreadcrumbList","@id":"https:\/\/oktopayments.com\/latam\/pt\/lp-zero-wait-economy\/#breadcrumb","itemListElement":[{"@type":"ListItem","position":1,"name":"Home","item":"https:\/\/oktopayments.com\/latam\/"},{"@type":"ListItem","position":2,"name":"LP Zero-Wait Economy"}]},{"@type":"WebSite","@id":"https:\/\/oktopayments.com\/latam\/#website","url":"https:\/\/oktopayments.com\/latam\/","name":"OKTO Payments","description":"","publisher":{"@id":"https:\/\/oktopayments.com\/latam\/#organization"},"potentialAction":[{"@type":"SearchAction","target":{"@type":"EntryPoint","urlTemplate":"https:\/\/oktopayments.com\/latam\/?s={search_term_string}"},"query-input":{"@type":"PropertyValueSpecification","valueRequired":true,"valueName":"search_term_string"}}],"inLanguage":"en-US"},{"@type":"Organization","@id":"https:\/\/oktopayments.com\/latam\/#organization","name":"OKTO Payments","url":"https:\/\/oktopayments.com\/latam\/","logo":{"@type":"ImageObject","inLanguage":"en-US","@id":"https:\/\/oktopayments.com\/latam\/#\/schema\/logo\/image\/","url":"https:\/\/oktopayments.com\/latam\/wp-content\/uploads\/2026\/02\/logo-footer.png","contentUrl":"https:\/\/oktopayments.com\/latam\/wp-content\/uploads\/2026\/02\/logo-footer.png","width":1012,"height":127,"caption":"OKTO Payments"},"image":{"@id":"https:\/\/oktopayments.com\/latam\/#\/schema\/logo\/image\/"}}]}},"lang":"pt","translations":{"pt":28318,"es":30156,"en":23575},"pll_sync_post":{},"_links":{"self":[{"href":"https:\/\/oktopayments.com\/latam\/wp-json\/wp\/v2\/pages\/28318","targetHints":{"allow":["GET"]}}],"collection":[{"href":"https:\/\/oktopayments.com\/latam\/wp-json\/wp\/v2\/pages"}],"about":[{"href":"https:\/\/oktopayments.com\/latam\/wp-json\/wp\/v2\/types\/page"}],"author":[{"embeddable":true,"href":"https:\/\/oktopayments.com\/latam\/wp-json\/wp\/v2\/users\/4"}],"replies":[{"embeddable":true,"href":"https:\/\/oktopayments.com\/latam\/wp-json\/wp\/v2\/comments?post=28318"}],"version-history":[{"count":7,"href":"https:\/\/oktopayments.com\/latam\/wp-json\/wp\/v2\/pages\/28318\/revisions"}],"predecessor-version":[{"id":30456,"href":"https:\/\/oktopayments.com\/latam\/wp-json\/wp\/v2\/pages\/28318\/revisions\/30456"}],"wp:attachment":[{"href":"https:\/\/oktopayments.com\/latam\/wp-json\/wp\/v2\/media?parent=28318"}],"curies":[{"name":"wp","href":"https:\/\/api.w.org\/{rel}","templated":true}]}}